
{"id":51160,"date":"2020-05-20T10:48:57","date_gmt":"2020-05-20T10:48:57","guid":{"rendered":"https:\/\/staging.helisgoldbeauty.com\/?post_type=product&#038;p=51160"},"modified":"2024-01-10T15:12:42","modified_gmt":"2024-01-10T15:12:42","slug":"heliplex-fly-with-me-travel-set","status":"publish","type":"product","link":"https:\/\/staging.helisgoldbeauty.com\/de\/product\/heliplex-fly-with-me-travel-set\/","title":{"rendered":"HELIPLEX Series Fly With Me"},"content":{"rendered":"<div class=\"wpb-content-wrapper\"><p>[vc_row el_class=&#8221;contact_home&#8221; css=&#8221;.vc_custom_1580069414003{padding-right: 60px !important;padding-left: 60px !important;}&#8221;][vc_column]<div id=\"ultimate-heading-644469f011e624658\" class=\"uvc-heading ult-adjust-bottom-margin ultimate-heading-644469f011e624658 uvc-6062 sound_headings\" data-hspacer=\"no_spacer\"  data-halign=\"left\" style=\"text-align:left\"><div class=\"uvc-heading-spacer no_spacer\" style=\"top\"><\/div><div class=\"uvc-main-heading ult-responsive\"  data-ultimate-target='.uvc-heading.ultimate-heading-644469f011e624658 h3'  data-responsive-json-new='{\"font-size\":\"desktop:23px;\",\"line-height\":\"desktop:23px;\"}' ><h3 style=\"font-family:&#039;Montserrat&#039;;font-weight:600;color:#000000;\">BLEIBEN SIE AUF DEM LAUFENDEM<\/h3><\/div><div class=\"uvc-sub-heading ult-responsive\"  data-ultimate-target='.uvc-heading.ultimate-heading-644469f011e624658 .uvc-sub-heading '  data-responsive-json-new='{\"font-size\":\"desktop:12px;\",\"line-height\":\"desktop:26px;\"}'  style=\"font-family:&#039;Montserrat&#039;;font-weight:500;color:#000000;\"><span style=\"font-size: 10pt;\">Bleiben Sie informiert \u00fcber die neuesten Nachrichten, Angebote und Haarpflegetipps von Heli\u2019s Gold.<br \/>\n<\/span><\/div><\/div>[vc_empty_space height=&#8221;20px&#8221;][vc_row_inner][vc_column_inner el_class=&#8221;subcribe_us&#8221; width=&#8221;1\/2&#8243;]\n<div class=\"wpcf7 no-js\" id=\"wpcf7-f244-o1\" lang=\"ru-RU\" dir=\"ltr\">\n<div class=\"screen-reader-response\"><p role=\"status\" aria-live=\"polite\" aria-atomic=\"true\"><\/p> <ul><\/ul><\/div>\n<form action=\"\/de\/wp-json\/wp\/v2\/product\/51160#wpcf7-f244-o1\" method=\"post\" class=\"wpcf7-form init\" aria-label=\"\u041a\u043e\u043d\u0442\u0430\u043a\u0442\u043d\u0430\u044f \u0444\u043e\u0440\u043c\u0430\" novalidate=\"novalidate\" data-status=\"init\">\n<div style=\"display: none;\">\n<input type=\"hidden\" name=\"_wpcf7\" value=\"244\" \/>\n<input type=\"hidden\" name=\"_wpcf7_version\" value=\"5.9.6\" \/>\n<input type=\"hidden\" name=\"_wpcf7_locale\" value=\"ru_RU\" \/>\n<input type=\"hidden\" name=\"_wpcf7_unit_tag\" value=\"wpcf7-f244-o1\" \/>\n<input type=\"hidden\" name=\"_wpcf7_container_post\" value=\"0\" \/>\n<input type=\"hidden\" name=\"_wpcf7_posted_data_hash\" value=\"\" \/>\n<input type=\"hidden\" name=\"lang\" value=\"de\" \/>\n<\/div>\n<div class=\"klaviyo-form-Y9i5hk\">\n<\/div><input type='hidden' class='wpcf7-pum' value='{\"closepopup\":false,\"closedelay\":0,\"openpopup\":false,\"openpopup_id\":0}' \/><div class=\"wpcf7-response-output\" aria-hidden=\"true\"><\/div>\n<\/form>\n<\/div>\n[\/vc_column_inner][vc_column_inner el_class=&#8221;social_icons&#8221; width=&#8221;1\/2&#8243;]<style type=\"text\/css\" data-type=\"the7_shortcodes-inline-css\">.dt-shortcode-soc-icons.soc-icons-6d3d70cdad80c3022dac88b2b035272f a {\n  margin-right: 4px;\n}\n.dt-shortcode-soc-icons a.soc-icons-6d3d70cdad80c3022dac88b2b035272f {\n  margin-right: 4px;\n}\n.dt-shortcode-soc-icons a.soc-icons-6d3d70cdad80c3022dac88b2b035272f:last-child {\n  margin-right: 0;\n}\n.dt-shortcode-soc-icons a.soc-icons-6d3d70cdad80c3022dac88b2b035272f:before,\n.dt-shortcode-soc-icons a.soc-icons-6d3d70cdad80c3022dac88b2b035272f:after {\n  padding: inherit;\n}\n.dt-shortcode-soc-icons a.soc-icons-6d3d70cdad80c3022dac88b2b035272f.dt-icon-border-on:before {\n  border:  solid ;\n}\n.dt-shortcode-soc-icons a.soc-icons-6d3d70cdad80c3022dac88b2b035272f.dt-icon-hover-border-on:after {\n  border:  solid ;\n}\n<\/style><div class=\"dt-shortcode-soc-icons  soc-icons-6d3d70cdad80c3022dac88b2b035272f soc-icons-center \" ><style type=\"text\/css\" data-type=\"the7_shortcodes-inline-css\">.dt-shortcode-soc-icons a.single-soc-icon-72d81b11af2b53a341764d8f7e2b0d96 {\n  min-width: 0px;\n  min-height: 0px;\n  font-size: 45px;\n  border-radius: 0px;\n}\n.dt-shortcode-soc-icons a.single-soc-icon-72d81b11af2b53a341764d8f7e2b0d96:last-child {\n  margin-right: 0;\n}\n.dt-shortcode-soc-icons a.single-soc-icon-72d81b11af2b53a341764d8f7e2b0d96:before,\n.dt-shortcode-soc-icons a.single-soc-icon-72d81b11af2b53a341764d8f7e2b0d96:after {\n  min-width: 0px;\n  min-height: 0px;\n  padding: inherit;\n}\n.dt-shortcode-soc-icons a.single-soc-icon-72d81b11af2b53a341764d8f7e2b0d96.dt-icon-border-on:before {\n  border: 0px solid ;\n}\n.dt-shortcode-soc-icons a.single-soc-icon-72d81b11af2b53a341764d8f7e2b0d96.dt-icon-hover-border-on:after {\n  border: 0px solid ;\n}\n.dt-shortcode-soc-icons a.single-soc-icon-72d81b11af2b53a341764d8f7e2b0d96:hover {\n  font-size: 45px;\n}\n#page .dt-shortcode-soc-icons a.single-soc-icon-72d81b11af2b53a341764d8f7e2b0d96:hover .soc-font-icon,\n#phantom .dt-shortcode-soc-icons a.single-soc-icon-72d81b11af2b53a341764d8f7e2b0d96:hover .soc-font-icon,\n#page .dt-shortcode-soc-icons a.single-soc-icon-72d81b11af2b53a341764d8f7e2b0d96:hover .soc-icon,\n#phantom .dt-shortcode-soc-icons a.single-soc-icon-72d81b11af2b53a341764d8f7e2b0d96:hover .soc-icon {\n  color: #ffd100;\n  background: none;\n}\n#page .dt-shortcode-soc-icons a.single-soc-icon-72d81b11af2b53a341764d8f7e2b0d96:not(:hover) .soc-font-icon,\n#phantom .dt-shortcode-soc-icons a.single-soc-icon-72d81b11af2b53a341764d8f7e2b0d96:not(:hover) .soc-font-icon,\n#page .dt-shortcode-soc-icons a.single-soc-icon-72d81b11af2b53a341764d8f7e2b0d96:not(:hover) .soc-icon,\n#phantom .dt-shortcode-soc-icons a.single-soc-icon-72d81b11af2b53a341764d8f7e2b0d96:not(:hover) .soc-icon {\n  color: #ffd100;\n  background: none;\n}\n.dt-shortcode-soc-icons a.single-soc-icon-72d81b11af2b53a341764d8f7e2b0d96 .soc-font-icon,\n.dt-shortcode-soc-icons a.single-soc-icon-72d81b11af2b53a341764d8f7e2b0d96 .soc-icon {\n  font-size: 45px;\n}\n<\/style><a title=\"\" href=\"https:\/\/www.instagram.com\/helisgold\"  target=\"_blank\" rel=\"nofollow\"class=\"icomoon-the7-font-instagram single-soc-icon-72d81b11af2b53a341764d8f7e2b0d96 dt-icon-bg-off dt-icon-hover-bg-off  vc_custom_1580069253830 \" ><i class=\"soc-icon icomoon-the7-font-instagram\"><\/i><span class=\"screen-reader-text\"><\/span><\/a><style type=\"text\/css\" data-type=\"the7_shortcodes-inline-css\">.dt-shortcode-soc-icons a.single-soc-icon-d0b1a530b75fea37de325dd556721d23 {\n  min-width: 0px;\n  min-height: 0px;\n  font-size: 45px;\n  border-radius: 0px;\n}\n.dt-shortcode-soc-icons a.single-soc-icon-d0b1a530b75fea37de325dd556721d23:last-child {\n  margin-right: 0;\n}\n.dt-shortcode-soc-icons a.single-soc-icon-d0b1a530b75fea37de325dd556721d23:before,\n.dt-shortcode-soc-icons a.single-soc-icon-d0b1a530b75fea37de325dd556721d23:after {\n  min-width: 0px;\n  min-height: 0px;\n  padding: inherit;\n}\n.dt-shortcode-soc-icons a.single-soc-icon-d0b1a530b75fea37de325dd556721d23.dt-icon-border-on:before {\n  border: 0px solid ;\n}\n.dt-shortcode-soc-icons a.single-soc-icon-d0b1a530b75fea37de325dd556721d23.dt-icon-hover-border-on:after {\n  border: 0px solid ;\n}\n.dt-shortcode-soc-icons a.single-soc-icon-d0b1a530b75fea37de325dd556721d23:hover {\n  font-size: 45px;\n}\n#page .dt-shortcode-soc-icons a.single-soc-icon-d0b1a530b75fea37de325dd556721d23:hover .soc-font-icon,\n#phantom .dt-shortcode-soc-icons a.single-soc-icon-d0b1a530b75fea37de325dd556721d23:hover .soc-font-icon,\n#page .dt-shortcode-soc-icons a.single-soc-icon-d0b1a530b75fea37de325dd556721d23:hover .soc-icon,\n#phantom .dt-shortcode-soc-icons a.single-soc-icon-d0b1a530b75fea37de325dd556721d23:hover .soc-icon {\n  color: #ffd100;\n  background: none;\n}\n#page .dt-shortcode-soc-icons a.single-soc-icon-d0b1a530b75fea37de325dd556721d23:not(:hover) .soc-font-icon,\n#phantom .dt-shortcode-soc-icons a.single-soc-icon-d0b1a530b75fea37de325dd556721d23:not(:hover) .soc-font-icon,\n#page .dt-shortcode-soc-icons a.single-soc-icon-d0b1a530b75fea37de325dd556721d23:not(:hover) .soc-icon,\n#phantom .dt-shortcode-soc-icons a.single-soc-icon-d0b1a530b75fea37de325dd556721d23:not(:hover) .soc-icon {\n  color: #ffd100;\n  background: none;\n}\n.dt-shortcode-soc-icons a.single-soc-icon-d0b1a530b75fea37de325dd556721d23 .soc-font-icon,\n.dt-shortcode-soc-icons a.single-soc-icon-d0b1a530b75fea37de325dd556721d23 .soc-icon {\n  font-size: 45px;\n}\n<\/style><a title=\"\" href=\"https:\/\/www.facebook.com\/helisgoldbeauty\"  target=\"_blank\" rel=\"nofollow\"class=\"icomoon-the7-font-facebook single-soc-icon-d0b1a530b75fea37de325dd556721d23 dt-icon-bg-off dt-icon-hover-bg-off  vc_custom_1572202356579 \" ><i class=\"soc-icon icomoon-the7-font-facebook\"><\/i><span class=\"screen-reader-text\"><\/span><\/a><style type=\"text\/css\" data-type=\"the7_shortcodes-inline-css\">.dt-shortcode-soc-icons a.single-soc-icon-cdc1f6811b2f3df8ac9294f5d86efec7 {\n  min-width: 0px;\n  min-height: 0px;\n  font-size: 45px;\n  border-radius: 0px;\n}\n.dt-shortcode-soc-icons a.single-soc-icon-cdc1f6811b2f3df8ac9294f5d86efec7:last-child {\n  margin-right: 0;\n}\n.dt-shortcode-soc-icons a.single-soc-icon-cdc1f6811b2f3df8ac9294f5d86efec7:before,\n.dt-shortcode-soc-icons a.single-soc-icon-cdc1f6811b2f3df8ac9294f5d86efec7:after {\n  min-width: 0px;\n  min-height: 0px;\n  padding: inherit;\n}\n.dt-shortcode-soc-icons a.single-soc-icon-cdc1f6811b2f3df8ac9294f5d86efec7.dt-icon-border-on:before {\n  border: 0px solid ;\n}\n.dt-shortcode-soc-icons a.single-soc-icon-cdc1f6811b2f3df8ac9294f5d86efec7.dt-icon-hover-border-on:after {\n  border: 0px solid ;\n}\n.dt-shortcode-soc-icons a.single-soc-icon-cdc1f6811b2f3df8ac9294f5d86efec7:hover {\n  font-size: 45px;\n}\n#page .dt-shortcode-soc-icons a.single-soc-icon-cdc1f6811b2f3df8ac9294f5d86efec7:hover .soc-font-icon,\n#phantom .dt-shortcode-soc-icons a.single-soc-icon-cdc1f6811b2f3df8ac9294f5d86efec7:hover .soc-font-icon,\n#page .dt-shortcode-soc-icons a.single-soc-icon-cdc1f6811b2f3df8ac9294f5d86efec7:hover .soc-icon,\n#phantom .dt-shortcode-soc-icons a.single-soc-icon-cdc1f6811b2f3df8ac9294f5d86efec7:hover .soc-icon {\n  color: #ffd100;\n  background: none;\n}\n#page .dt-shortcode-soc-icons a.single-soc-icon-cdc1f6811b2f3df8ac9294f5d86efec7:not(:hover) .soc-font-icon,\n#phantom .dt-shortcode-soc-icons a.single-soc-icon-cdc1f6811b2f3df8ac9294f5d86efec7:not(:hover) .soc-font-icon,\n#page .dt-shortcode-soc-icons a.single-soc-icon-cdc1f6811b2f3df8ac9294f5d86efec7:not(:hover) .soc-icon,\n#phantom .dt-shortcode-soc-icons a.single-soc-icon-cdc1f6811b2f3df8ac9294f5d86efec7:not(:hover) .soc-icon {\n  color: #ffd100;\n  background: none;\n}\n.dt-shortcode-soc-icons a.single-soc-icon-cdc1f6811b2f3df8ac9294f5d86efec7 .soc-font-icon,\n.dt-shortcode-soc-icons a.single-soc-icon-cdc1f6811b2f3df8ac9294f5d86efec7 .soc-icon {\n  font-size: 45px;\n}\n<\/style><a title=\"\" href=\"https:\/\/www.youtube.com\/channel\/UC2yJDO_WZJgdTuKni3seKig\/\"  target=\"_blank\" rel=\"nofollow\"class=\"icomoon-the7-font-youtube single-soc-icon-cdc1f6811b2f3df8ac9294f5d86efec7 dt-icon-bg-off dt-icon-hover-bg-off  vc_custom_1572202368920 \" ><i class=\"soc-icon icomoon-the7-font-youtube\"><\/i><span class=\"screen-reader-text\"><\/span><\/a><style type=\"text\/css\" data-type=\"the7_shortcodes-inline-css\">.dt-shortcode-soc-icons a.single-soc-icon-107b2adeed991ed441c7e36ddb77a6e0 {\n  min-width: 0px;\n  min-height: 0px;\n  font-size: 45px;\n  border-radius: 0px;\n}\n.dt-shortcode-soc-icons a.single-soc-icon-107b2adeed991ed441c7e36ddb77a6e0:last-child {\n  margin-right: 0;\n}\n.dt-shortcode-soc-icons a.single-soc-icon-107b2adeed991ed441c7e36ddb77a6e0:before,\n.dt-shortcode-soc-icons a.single-soc-icon-107b2adeed991ed441c7e36ddb77a6e0:after {\n  min-width: 0px;\n  min-height: 0px;\n  padding: inherit;\n}\n.dt-shortcode-soc-icons a.single-soc-icon-107b2adeed991ed441c7e36ddb77a6e0.dt-icon-border-on:before {\n  border: 0px solid ;\n}\n.dt-shortcode-soc-icons a.single-soc-icon-107b2adeed991ed441c7e36ddb77a6e0.dt-icon-hover-border-on:after {\n  border: 0px solid ;\n}\n.dt-shortcode-soc-icons a.single-soc-icon-107b2adeed991ed441c7e36ddb77a6e0:hover {\n  font-size: 45px;\n}\n#page .dt-shortcode-soc-icons a.single-soc-icon-107b2adeed991ed441c7e36ddb77a6e0:hover .soc-font-icon,\n#phantom .dt-shortcode-soc-icons a.single-soc-icon-107b2adeed991ed441c7e36ddb77a6e0:hover .soc-font-icon,\n#page .dt-shortcode-soc-icons a.single-soc-icon-107b2adeed991ed441c7e36ddb77a6e0:hover .soc-icon,\n#phantom .dt-shortcode-soc-icons a.single-soc-icon-107b2adeed991ed441c7e36ddb77a6e0:hover .soc-icon {\n  color: #ffd100;\n  background: none;\n}\n#page .dt-shortcode-soc-icons a.single-soc-icon-107b2adeed991ed441c7e36ddb77a6e0:not(:hover) .soc-font-icon,\n#phantom .dt-shortcode-soc-icons a.single-soc-icon-107b2adeed991ed441c7e36ddb77a6e0:not(:hover) .soc-font-icon,\n#page .dt-shortcode-soc-icons a.single-soc-icon-107b2adeed991ed441c7e36ddb77a6e0:not(:hover) .soc-icon,\n#phantom .dt-shortcode-soc-icons a.single-soc-icon-107b2adeed991ed441c7e36ddb77a6e0:not(:hover) .soc-icon {\n  color: #ffd100;\n  background: none;\n}\n.dt-shortcode-soc-icons a.single-soc-icon-107b2adeed991ed441c7e36ddb77a6e0 .soc-font-icon,\n.dt-shortcode-soc-icons a.single-soc-icon-107b2adeed991ed441c7e36ddb77a6e0 .soc-icon {\n  font-size: 45px;\n}\n<\/style><a title=\"\" href=\"https:\/\/www.pinterest.com\/helisgold\"  target=\"_blank\" rel=\"nofollow\"class=\"icomoon-the7-font-pinterest single-soc-icon-107b2adeed991ed441c7e36ddb77a6e0 dt-icon-bg-off dt-icon-hover-bg-off  vc_custom_1572202380185 \" ><i class=\"soc-icon icomoon-the7-font-pinterest\"><\/i><span class=\"screen-reader-text\"><\/span><\/a><style type=\"text\/css\" data-type=\"the7_shortcodes-inline-css\">.dt-shortcode-soc-icons a.single-soc-icon-cb21821e91276cf70fd00467de7f222b {\n  min-width: 0px;\n  min-height: 0px;\n  font-size: 45px;\n  border-radius: 0px;\n}\n.dt-shortcode-soc-icons a.single-soc-icon-cb21821e91276cf70fd00467de7f222b:last-child {\n  margin-right: 0;\n}\n.dt-shortcode-soc-icons a.single-soc-icon-cb21821e91276cf70fd00467de7f222b:before,\n.dt-shortcode-soc-icons a.single-soc-icon-cb21821e91276cf70fd00467de7f222b:after {\n  min-width: 0px;\n  min-height: 0px;\n  padding: inherit;\n}\n.dt-shortcode-soc-icons a.single-soc-icon-cb21821e91276cf70fd00467de7f222b.dt-icon-border-on:before {\n  border: 0px solid ;\n}\n.dt-shortcode-soc-icons a.single-soc-icon-cb21821e91276cf70fd00467de7f222b.dt-icon-hover-border-on:after {\n  border: 0px solid ;\n}\n.dt-shortcode-soc-icons a.single-soc-icon-cb21821e91276cf70fd00467de7f222b:hover {\n  font-size: 45px;\n}\n#page .dt-shortcode-soc-icons a.single-soc-icon-cb21821e91276cf70fd00467de7f222b:hover .soc-font-icon,\n#phantom .dt-shortcode-soc-icons a.single-soc-icon-cb21821e91276cf70fd00467de7f222b:hover .soc-font-icon,\n#page .dt-shortcode-soc-icons a.single-soc-icon-cb21821e91276cf70fd00467de7f222b:hover .soc-icon,\n#phantom .dt-shortcode-soc-icons a.single-soc-icon-cb21821e91276cf70fd00467de7f222b:hover .soc-icon {\n  color: #ffd100;\n  background: none;\n}\n#page .dt-shortcode-soc-icons a.single-soc-icon-cb21821e91276cf70fd00467de7f222b:not(:hover) .soc-font-icon,\n#phantom .dt-shortcode-soc-icons a.single-soc-icon-cb21821e91276cf70fd00467de7f222b:not(:hover) .soc-font-icon,\n#page .dt-shortcode-soc-icons a.single-soc-icon-cb21821e91276cf70fd00467de7f222b:not(:hover) .soc-icon,\n#phantom .dt-shortcode-soc-icons a.single-soc-icon-cb21821e91276cf70fd00467de7f222b:not(:hover) .soc-icon {\n  color: #ffd100;\n  background: none;\n}\n.dt-shortcode-soc-icons a.single-soc-icon-cb21821e91276cf70fd00467de7f222b .soc-font-icon,\n.dt-shortcode-soc-icons a.single-soc-icon-cb21821e91276cf70fd00467de7f222b .soc-icon {\n  font-size: 45px;\n}\n<\/style><a title=\"\" href=\"https:\/\/twitter.com\/helisgold\"  target=\"_blank\" rel=\"nofollow\"class=\"icomoon-the7-font-twitter single-soc-icon-cb21821e91276cf70fd00467de7f222b dt-icon-bg-off dt-icon-hover-bg-off  vc_custom_1580069319722 \" ><i class=\"soc-icon icomoon-the7-font-twitter\"><\/i><span class=\"screen-reader-text\"><\/span><\/a><\/div>[\/vc_column_inner][\/vc_row_inner][\/vc_column][\/vc_row]<\/p>\n<\/div>","protected":false},"excerpt":{"rendered":"<div class=\"page\" title=\"Page 2\">\n<div class=\"section\">\n<div class=\"layoutArea\">\n<div class=\"column\">\n<p><span style=\"font-size: 10pt;\">Das dreiteilige HELIPLEX Fly With Me Kit macht es einfach, die wahre Kraft von Helichrysum \u00fcberall hin mitzunehmen. Dies ist die ultimative L\u00f6sung f\u00fcr unterwegs, um\u00a0 gesch\u00e4digtes Haar wieder aufzubauen und wiederherzustellen.<br \/>\n<\/span><\/p>\n<\/div>\n<\/div>\n<\/div>\n<\/div>\n","protected":false},"featured_media":52130,"comment_status":"closed","ping_status":"closed","template":"","meta":[],"product_cat":[93,80,84,92,86,85,88,81,31],"product_tag":[36,34,33],"yoast_head":"<!-- This site is optimized with the Yoast SEO plugin v23.0 - https:\/\/yoast.com\/wordpress\/plugins\/seo\/ -->\n<title>HELIPLEX Series Fly With Me - Heli&#039;s Gold<\/title>\n<meta name=\"robots\" content=\"noindex, follow, max-snippet:-1, max-image-preview:large, max-video-preview:-1\" \/>\n<meta property=\"og:locale\" content=\"de_DE\" \/>\n<meta property=\"og:locale:alternate\" content=\"en_US\" \/>\n<meta property=\"og:locale:alternate\" content=\"es_ES\" \/>\n<meta property=\"og:locale:alternate\" content=\"fr_FR\" \/>\n<meta property=\"og:locale:alternate\" content=\"it_IT\" \/>\n<meta property=\"og:type\" content=\"article\" \/>\n<meta property=\"og:title\" content=\"HELIPLEX Series Fly With Me\" \/>\n<meta property=\"og:description\" content=\"Das dreiteilige HELIPLEX Fly With Me Kit macht es einfach, die wahre Kraft von Helichrysum \u00fcberall hin mitzunehmen. Dies ist die ultimative L\u00f6sung f\u00fcr unterwegs, um\u00a0 gesch\u00e4digtes Haar wieder aufzubauen und wiederherzustellen.\" \/>\n<meta property=\"og:url\" content=\"https:\/\/staging.helisgoldbeauty.com\/de\/product\/heliplex-fly-with-me-travel-set\/\" \/>\n<meta property=\"og:site_name\" content=\"Heli&#039;s Gold\" \/>\n<meta property=\"article:modified_time\" content=\"2024-01-10T15:12:42+00:00\" \/>\n<meta property=\"og:image\" content=\"https:\/\/staging.helisgoldbeauty.com\/wp-content\/uploads\/2020\/05\/Heliplex-Fly-with-Me-1.jpg\" \/>\n\t<meta property=\"og:image:width\" content=\"1200\" \/>\n\t<meta property=\"og:image:height\" content=\"1200\" \/>\n\t<meta property=\"og:image:type\" content=\"image\/jpeg\" \/>\n<meta name=\"twitter:card\" content=\"summary_large_image\" \/>\n<meta name=\"twitter:label1\" content=\"Gesch\u00e4tzte Lesezeit\" \/>\n\t<meta name=\"twitter:data1\" content=\"14\u00a0Minuten\" \/>\n<script type=\"application\/ld+json\" class=\"yoast-schema-graph\">{\"@context\":\"https:\/\/schema.org\",\"@graph\":[{\"@type\":\"WebPage\",\"@id\":\"https:\/\/staging.helisgoldbeauty.com\/it\/product\/heliplex-fly-with-me-travel-set\/\",\"url\":\"https:\/\/staging.helisgoldbeauty.com\/it\/product\/heliplex-fly-with-me-travel-set\/\",\"name\":\"HELIPLEX Series Fly With Me\",\"isPartOf\":{\"@id\":\"https:\/\/staging.helisgoldbeauty.com\/es\/#website\"},\"primaryImageOfPage\":{\"@id\":\"https:\/\/staging.helisgoldbeauty.com\/it\/product\/heliplex-fly-with-me-travel-set\/#primaryimage\"},\"image\":{\"@id\":\"https:\/\/staging.helisgoldbeauty.com\/it\/product\/heliplex-fly-with-me-travel-set\/#primaryimage\"},\"thumbnailUrl\":\"https:\/\/staging.helisgoldbeauty.com\/wp-content\/uploads\/2020\/05\/Heliplex-Fly-with-Me-1.jpg\",\"datePublished\":\"2020-05-20T10:48:57+00:00\",\"dateModified\":\"2024-01-10T15:12:42+00:00\",\"breadcrumb\":{\"@id\":\"https:\/\/staging.helisgoldbeauty.com\/it\/product\/heliplex-fly-with-me-travel-set\/#breadcrumb\"},\"inLanguage\":\"de-DE\",\"potentialAction\":[{\"@type\":\"ReadAction\",\"target\":[\"https:\/\/staging.helisgoldbeauty.com\/it\/product\/heliplex-fly-with-me-travel-set\/\"]}]},{\"@type\":\"ImageObject\",\"inLanguage\":\"de-DE\",\"@id\":\"https:\/\/staging.helisgoldbeauty.com\/it\/product\/heliplex-fly-with-me-travel-set\/#primaryimage\",\"url\":\"https:\/\/staging.helisgoldbeauty.com\/wp-content\/uploads\/2020\/05\/Heliplex-Fly-with-Me-1.jpg\",\"contentUrl\":\"https:\/\/staging.helisgoldbeauty.com\/wp-content\/uploads\/2020\/05\/Heliplex-Fly-with-Me-1.jpg\",\"width\":1200,\"height\":1200},{\"@type\":\"BreadcrumbList\",\"@id\":\"https:\/\/staging.helisgoldbeauty.com\/it\/product\/heliplex-fly-with-me-travel-set\/#breadcrumb\",\"itemListElement\":[{\"@type\":\"ListItem\",\"position\":1,\"name\":\"Home\",\"item\":\"https:\/\/staging.helisgoldbeauty.com\/de\/\"},{\"@type\":\"ListItem\",\"position\":2,\"name\":\"Productos\",\"item\":\"https:\/\/staging.helisgoldbeauty.com\/es\/shop\/\"},{\"@type\":\"ListItem\",\"position\":3,\"name\":\"HELIPLEX Series Fly With Me\"}]},{\"@type\":\"WebSite\",\"@id\":\"https:\/\/staging.helisgoldbeauty.com\/es\/#website\",\"url\":\"https:\/\/staging.helisgoldbeauty.com\/es\/\",\"name\":\"Heli&#039;s Gold\",\"description\":\"Heli's Gold Beauty\",\"publisher\":{\"@id\":\"https:\/\/staging.helisgoldbeauty.com\/es\/#organization\"},\"potentialAction\":[{\"@type\":\"SearchAction\",\"target\":{\"@type\":\"EntryPoint\",\"urlTemplate\":\"https:\/\/staging.helisgoldbeauty.com\/es\/?s={search_term_string}\"},\"query-input\":\"required name=search_term_string\"}],\"inLanguage\":\"de-DE\"},{\"@type\":\"Organization\",\"@id\":\"https:\/\/staging.helisgoldbeauty.com\/es\/#organization\",\"name\":\"Helis Gold Beauty\",\"url\":\"https:\/\/staging.helisgoldbeauty.com\/es\/\",\"logo\":{\"@type\":\"ImageObject\",\"inLanguage\":\"de-DE\",\"@id\":\"https:\/\/staging.helisgoldbeauty.com\/es\/#\/schema\/logo\/image\/\",\"url\":\"https:\/\/staging.helisgoldbeauty.com\/wp-content\/uploads\/2020\/03\/logo.png\",\"contentUrl\":\"https:\/\/staging.helisgoldbeauty.com\/wp-content\/uploads\/2020\/03\/logo.png\",\"width\":1500,\"height\":196,\"caption\":\"Helis Gold Beauty\"},\"image\":{\"@id\":\"https:\/\/staging.helisgoldbeauty.com\/es\/#\/schema\/logo\/image\/\"}}]}<\/script>\n<!-- \/ Yoast SEO plugin. -->","yoast_head_json":{"title":"HELIPLEX Series Fly With Me - Heli&#039;s Gold","robots":{"index":"noindex","follow":"follow","max-snippet":"max-snippet:-1","max-image-preview":"max-image-preview:large","max-video-preview":"max-video-preview:-1"},"og_locale":"de_DE","og_type":"article","og_title":"[:en]HELIPLEX Series Fly With Me[:es]HELIPLEX Series Fly With Me[:fr]HELIPLEX Series Fly With Me[:it]HELIPLEX Series Fly With Me[:de]HELIPLEX Series Fly With Me[:] - Heli&#039;s Gold","og_description":"Das dreiteilige HELIPLEX Fly With Me Kit macht es einfach, die wahre Kraft von Helichrysum \u00fcberall hin mitzunehmen. Dies ist die ultimative L\u00f6sung f\u00fcr unterwegs, um\u00a0 gesch\u00e4digtes Haar wieder aufzubauen und wiederherzustellen.","og_url":"https:\/\/staging.helisgoldbeauty.com\/de\/product\/heliplex-fly-with-me-travel-set\/","og_site_name":"Heli&#039;s Gold","article_modified_time":"2024-01-10T15:12:42+00:00","og_image":[{"width":1200,"height":1200,"url":"https:\/\/staging.helisgoldbeauty.com\/wp-content\/uploads\/2020\/05\/Heliplex-Fly-with-Me-1.jpg","type":"image\/jpeg"}],"twitter_card":"summary_large_image","twitter_misc":{"Gesch\u00e4tzte Lesezeit":"14\u00a0Minuten"},"schema":{"@context":"https:\/\/schema.org","@graph":[{"@type":"WebPage","@id":"https:\/\/staging.helisgoldbeauty.com\/it\/product\/heliplex-fly-with-me-travel-set\/","url":"https:\/\/staging.helisgoldbeauty.com\/it\/product\/heliplex-fly-with-me-travel-set\/","name":"HELIPLEX Series Fly With Me","isPartOf":{"@id":"https:\/\/staging.helisgoldbeauty.com\/es\/#website"},"primaryImageOfPage":{"@id":"https:\/\/staging.helisgoldbeauty.com\/it\/product\/heliplex-fly-with-me-travel-set\/#primaryimage"},"image":{"@id":"https:\/\/staging.helisgoldbeauty.com\/it\/product\/heliplex-fly-with-me-travel-set\/#primaryimage"},"thumbnailUrl":"https:\/\/staging.helisgoldbeauty.com\/wp-content\/uploads\/2020\/05\/Heliplex-Fly-with-Me-1.jpg","datePublished":"2020-05-20T10:48:57+00:00","dateModified":"2024-01-10T15:12:42+00:00","breadcrumb":{"@id":"https:\/\/staging.helisgoldbeauty.com\/it\/product\/heliplex-fly-with-me-travel-set\/#breadcrumb"},"inLanguage":"de-DE","potentialAction":[{"@type":"ReadAction","target":["https:\/\/staging.helisgoldbeauty.com\/it\/product\/heliplex-fly-with-me-travel-set\/"]}]},{"@type":"ImageObject","inLanguage":"de-DE","@id":"https:\/\/staging.helisgoldbeauty.com\/it\/product\/heliplex-fly-with-me-travel-set\/#primaryimage","url":"https:\/\/staging.helisgoldbeauty.com\/wp-content\/uploads\/2020\/05\/Heliplex-Fly-with-Me-1.jpg","contentUrl":"https:\/\/staging.helisgoldbeauty.com\/wp-content\/uploads\/2020\/05\/Heliplex-Fly-with-Me-1.jpg","width":1200,"height":1200},{"@type":"BreadcrumbList","@id":"https:\/\/staging.helisgoldbeauty.com\/it\/product\/heliplex-fly-with-me-travel-set\/#breadcrumb","itemListElement":[{"@type":"ListItem","position":1,"name":"Home","item":"https:\/\/staging.helisgoldbeauty.com\/de\/"},{"@type":"ListItem","position":2,"name":"Productos","item":"https:\/\/staging.helisgoldbeauty.com\/es\/shop\/"},{"@type":"ListItem","position":3,"name":"HELIPLEX Series Fly With Me"}]},{"@type":"WebSite","@id":"https:\/\/staging.helisgoldbeauty.com\/es\/#website","url":"https:\/\/staging.helisgoldbeauty.com\/es\/","name":"Heli&#039;s Gold","description":"Heli's Gold Beauty","publisher":{"@id":"https:\/\/staging.helisgoldbeauty.com\/es\/#organization"},"potentialAction":[{"@type":"SearchAction","target":{"@type":"EntryPoint","urlTemplate":"https:\/\/staging.helisgoldbeauty.com\/es\/?s={search_term_string}"},"query-input":"required name=search_term_string"}],"inLanguage":"de-DE"},{"@type":"Organization","@id":"https:\/\/staging.helisgoldbeauty.com\/es\/#organization","name":"Helis Gold Beauty","url":"https:\/\/staging.helisgoldbeauty.com\/es\/","logo":{"@type":"ImageObject","inLanguage":"de-DE","@id":"https:\/\/staging.helisgoldbeauty.com\/es\/#\/schema\/logo\/image\/","url":"https:\/\/staging.helisgoldbeauty.com\/wp-content\/uploads\/2020\/03\/logo.png","contentUrl":"https:\/\/staging.helisgoldbeauty.com\/wp-content\/uploads\/2020\/03\/logo.png","width":1500,"height":196,"caption":"Helis Gold Beauty"},"image":{"@id":"https:\/\/staging.helisgoldbeauty.com\/es\/#\/schema\/logo\/image\/"}}]}},"post_mailing_queue_ids":[],"_links":{"self":[{"href":"https:\/\/staging.helisgoldbeauty.com\/de\/wp-json\/wp\/v2\/product\/51160"}],"collection":[{"href":"https:\/\/staging.helisgoldbeauty.com\/de\/wp-json\/wp\/v2\/product"}],"about":[{"href":"https:\/\/staging.helisgoldbeauty.com\/de\/wp-json\/wp\/v2\/types\/product"}],"replies":[{"embeddable":true,"href":"https:\/\/staging.helisgoldbeauty.com\/de\/wp-json\/wp\/v2\/comments?post=51160"}],"wp:featuredmedia":[{"embeddable":true,"href":"https:\/\/staging.helisgoldbeauty.com\/de\/wp-json\/wp\/v2\/media\/52130"}],"wp:attachment":[{"href":"https:\/\/staging.helisgoldbeauty.com\/de\/wp-json\/wp\/v2\/media?parent=51160"}],"wp:term":[{"taxonomy":"product_cat","embeddable":true,"href":"https:\/\/staging.helisgoldbeauty.com\/de\/wp-json\/wp\/v2\/product_cat?post=51160"},{"taxonomy":"product_tag","embeddable":true,"href":"https:\/\/staging.helisgoldbeauty.com\/de\/wp-json\/wp\/v2\/product_tag?post=51160"}],"curies":[{"name":"wp","href":"https:\/\/api.w.org\/{rel}","templated":true}]}}